{"id":264,"date":"2023-03-29T12:20:02","date_gmt":"2023-03-29T10:20:02","guid":{"rendered":"http:\/\/sages-femmes-sainte-marie-la-mer.fr\/?page_id=264"},"modified":"2023-04-18T23:01:35","modified_gmt":"2023-04-18T21:01:35","slug":"mentions-legales","status":"publish","type":"page","link":"https:\/\/sages-femmes-sainte-marie-la-mer.fr\/index.php\/mentions-legales\/","title":{"rendered":"Mentions l\u00e9gales"},"content":{"rendered":"\n<h1 class=\"wp-block-heading\"><\/h1>\n\n\n\n<ul class=\"wp-block-list\">\n<li>Num\u00e9ro d&rsquo;inscription de :<br>Laure Ciaponi : 665002705<br>Sophie Lehn : 665002853<br>Valentine Pons Fourty : 665003240<\/li>\n\n\n\n<li>Membre d&rsquo;une Association de Gestion Agr\u00e9\u00e9e<\/li>\n\n\n\n<li>N<sup>o<\/sup>&nbsp;de SIRET: 832200927<\/li>\n\n\n\n<li>Pour contacter le Conseil National de l&rsquo;Ordre des Sages-Femmes : http:\/\/www.ordre-sages-femmes.fr\/<\/li>\n\n\n\n<li>Le site internet est h\u00e9berg\u00e9 par OVH &#8211; 2 rue Kellermann &#8211; 59100 Roubaix &#8211; France<\/li>\n\n\n\n<li>Le site internet est h\u00e9berg\u00e9 par OVH &#8211; 2 rue Kellermann &#8211; 59100 Roubaix &#8211; France<\/li>\n\n\n\n<li>Ce site utilise Google Analytics pour analyser l&rsquo;audience du site et am\u00e9liorer son contenu. Pour plus d&rsquo;information sur les r\u00e8gles de confidentialit\u00e9 relatives \u00e0 l&rsquo;utilisation de Google Analytics, cliquez ici :&nbsp;<a href=\"http:\/\/www.google.com\/intl\/fr\/analytics\/privacyoverview.html\" target=\"_blank\" rel=\"noreferrer noopener\">http:\/\/www.google.com\/intl\/fr\/analytics\/privacyoverview.html<\/a><br>Ce site peut faire \u00e9galement usage de cookies, pour les refuser\/supprimer vous pouvez configurer votre navigateur.<\/li>\n\n\n\n<li>Ce site ne comporte pas de photos de patients. Les photos sont uniquement des illustrations.<\/li>\n<\/ul>\n\n\n\n<p><strong>Traitement des donn\u00e9es personnelles<\/strong><br>Les donn\u00e9es collect\u00e9es sur ce site internet, lorsque que vous nous envoyez une demande sont : nom, pr\u00e9nom, t\u00e9l\u00e9phone, adresse physique et \u00e9lectronique, profession, d\u00e9tail de la demande.<\/p>\n\n\n\n<p>Nous utiliserons uniquement les donn\u00e9es que vous avez transmises pour r\u00e9pondre \u00e0 votre demande.<br>Les donn\u00e9es ne seront pas communiqu\u00e9es \u00e0 des tiers sauf si vous \u00eates client\/patient (ou pas), vos donn\u00e9es seront conserv\u00e9es pendant 3 ans au plus.<br>Vous pouvez nous demander de corriger ou d&rsquo;effacer vos donn\u00e9es personnelles en nous envoyant un mail ou via le site en pr\u00e9cisant \u00ab\u00a0Traitement des donn\u00e9es personnelles\u00a0\u00bb.<br>Dans le corps du mail, vous devrez pr\u00e9ciser votre nom, pr\u00e9nom, votre adresse mail, ainsi que le d\u00e9tail de votre demande.<\/p>\n\n\n\n<p>Nous vous invitons \u00e0 nous contacter si vous pensez que vos donn\u00e9es personnelles n\u2019ont pas \u00e9t\u00e9 trait\u00e9es correctement ou si nous n&rsquo;avons pas satisfaits \u00e0 vos exigences.<\/p>\n\n\n\n<p><strong>Les Cookies<\/strong><\/p>\n\n\n\n<p>Les cookies sont de petits fichiers textes qui sont enregistr\u00e9s temporairement sur votre ordinateur ou votre t\u00e9l\u00e9phone mobile lorsque vous visitez un site web. Ils sont g\u00e9n\u00e9ralement utilis\u00e9s pour faire fonctionner des sites Internet ou am\u00e9liorer l\u2019efficacit\u00e9 de leur fonctionnement. Les cookies aident les sites Internet \u00e0 reconna\u00eetre votre appareil et \u00e0 retenir les informations relatives \u00e0 votre visite (par ex. votre langue pr\u00e9f\u00e9rentielle, police privil\u00e9gi\u00e9e et autres pr\u00e9f\u00e9rences). La plupart des navigateurs Internet sont configur\u00e9s pour accepter les cookies, mais vous pouvez modifier cette configuration pour refuser les cookies ou \u00eatre alert\u00e9 lorsqu&rsquo;un cookie est envoy\u00e9. Notez toutefois que certaines parties de nos Sites Internet pourraient ne pas fonctionner correctement si vous refusez les cookies.<\/p>\n\n\n\n<p>Nous n\u2019utilisons pas les cookies pour vous suivre ou vous identifier personnellement, mais pour faciliter la navigation sur le site internet.<\/p>\n\n\n\n<p>La plupart des navigateurs vous permettent de g\u00e9rer vos pr\u00e9f\u00e9rences en mati\u00e8re de cookies en changeant les param\u00e8tres de votre navigateur. Si vous acceptez nos cookies mais souhaitez par la suite retirer votre consentement, vous pouvez d\u00e9sactiver tous les cookies d\u00e9j\u00e0 pr\u00e9sents sur votre ordinateur et modifier les param\u00e8tres de votre navigateur pour les bloquer \u00e0 l\u2019avenir. Veuillez consulter la fonction \u00ab Aide \u00bb de votre navigateur pour plus de pr\u00e9cisions.<\/p>\n\n\n\n<p><strong>Google Analytics<\/strong><\/p>\n\n\n\n<p>Ce site utilise Google Analytics, un service d\u2019analyse de site internet fourni par Google Inc. (\u00ab Google \u00bb). Google Analytics utilise des cookies, qui sont des fichiers texte plac\u00e9s sur votre ordinateur, pour aider le site internet \u00e0 analyser l\u2019utilisation du site par ses utilisateurs.<\/p>\n\n\n\n<p>Les donn\u00e9es g\u00e9n\u00e9r\u00e9es par les cookies concernant votre utilisation du site (y compris votre adresse IP) seront transmises et stock\u00e9es par Google sur des serveurs situ\u00e9s aux Etats-Unis. Google utilisera cette information dans le but d\u2019\u00e9valuer votre utilisation du site, de compiler des rapports sur l\u2019activit\u00e9 du site \u00e0 destination de son \u00e9diteur et de fournir d\u2019autres services relatifs \u00e0 l\u2019activit\u00e9 du site et \u00e0 l\u2019utilisation d\u2019Internet.<\/p>\n\n\n\n<p>Google est susceptible de communiquer ces donn\u00e9es \u00e0 des tiers en cas d\u2019obligation l\u00e9gale ou lorsque ces tiers traitent ces donn\u00e9es pour le compte de Google, y compris notamment l\u2019\u00e9diteur de ce site. Google ne recoupera pas votre adresse IP avec toute autre donn\u00e9e d\u00e9tenue par Google.<\/p>\n\n\n\n<p>Vous pouvez d\u00e9sactiver l\u2019utilisation de cookies en s\u00e9lectionnant les param\u00e8tres appropri\u00e9s de votre navigateur. Cependant, une telle d\u00e9sactivation pourrait emp\u00eacher l\u2019utilisation de certaines fonctionnalit\u00e9s de ce site.<\/p>\n\n\n\n<p>En utilisant ce site internet, vous consentez express\u00e9ment au traitement de vos donn\u00e9es nominatives par Google dans les conditions et pour les finalit\u00e9s d\u00e9crites ci-dessus.<\/p>\n","protected":false},"excerpt":{"rendered":"<p>Traitement des donn\u00e9es personnellesLes donn\u00e9es collect\u00e9es sur ce site internet, lorsque que vous nous envoyez une demande sont : nom, pr\u00e9nom, t\u00e9l\u00e9phone, adresse physique et \u00e9lectronique, profession, d\u00e9tail de la demande. Nous utiliserons uniquement les donn\u00e9es que vous avez transmises pour r\u00e9pondre \u00e0 votre demande.Les donn\u00e9es ne seront pas communiqu\u00e9es \u00e0 des tiers sauf si&hellip;<\/p>\n","protected":false},"author":1,"featured_media":0,"parent":0,"menu_order":0,"comment_status":"closed","ping_status":"closed","template":"","meta":{"footnotes":""},"class_list":["post-264","page","type-page","status-publish","hentry","description-off"],"yoast_head":"<!-- This site is optimized with the Yoast SEO plugin v21.5 - https:\/\/yoast.com\/wordpress\/plugins\/seo\/ -->\n<title>Mentions l\u00e9gales - C\u00f4t\u00e9 M\u00e8res<\/title>\n<meta name=\"robots\" content=\"index, follow, max-snippet:-1, max-image-preview:large, max-video-preview:-1\" \/>\n<link rel=\"canonical\" href=\"https:\/\/sages-femmes-sainte-marie-la-mer.fr\/index.php\/mentions-legales\/\" \/>\n<meta property=\"og:locale\" content=\"fr_FR\" \/>\n<meta property=\"og:type\" content=\"article\" \/>\n<meta property=\"og:title\" content=\"Mentions l\u00e9gales - C\u00f4t\u00e9 M\u00e8res\" \/>\n<meta property=\"og:description\" content=\"Traitement des donn\u00e9es personnellesLes donn\u00e9es collect\u00e9es sur ce site internet, lorsque que vous nous envoyez une demande sont : nom, pr\u00e9nom, t\u00e9l\u00e9phone, adresse physique et \u00e9lectronique, profession, d\u00e9tail de la demande. Nous utiliserons uniquement les donn\u00e9es que vous avez transmises pour r\u00e9pondre \u00e0 votre demande.Les donn\u00e9es ne seront pas communiqu\u00e9es \u00e0 des tiers sauf si&hellip;\" \/>\n<meta property=\"og:url\" content=\"https:\/\/sages-femmes-sainte-marie-la-mer.fr\/index.php\/mentions-legales\/\" \/>\n<meta property=\"og:site_name\" content=\"C\u00f4t\u00e9 M\u00e8res\" \/>\n<meta property=\"article:modified_time\" content=\"2023-04-18T21:01:35+00:00\" \/>\n<meta name=\"twitter:card\" content=\"summary_large_image\" \/>\n<meta name=\"twitter:label1\" content=\"Dur\u00e9e de lecture estim\u00e9e\" \/>\n\t<meta name=\"twitter:data1\" content=\"4 minutes\" \/>\n<script type=\"application\/ld+json\" class=\"yoast-schema-graph\">{\"@context\":\"https:\/\/schema.org\",\"@graph\":[{\"@type\":\"WebPage\",\"@id\":\"https:\/\/sages-femmes-sainte-marie-la-mer.fr\/index.php\/mentions-legales\/\",\"url\":\"https:\/\/sages-femmes-sainte-marie-la-mer.fr\/index.php\/mentions-legales\/\",\"name\":\"Mentions l\u00e9gales - C\u00f4t\u00e9 M\u00e8res\",\"isPartOf\":{\"@id\":\"https:\/\/sages-femmes-sainte-marie-la-mer.fr\/#website\"},\"datePublished\":\"2023-03-29T10:20:02+00:00\",\"dateModified\":\"2023-04-18T21:01:35+00:00\",\"breadcrumb\":{\"@id\":\"https:\/\/sages-femmes-sainte-marie-la-mer.fr\/index.php\/mentions-legales\/#breadcrumb\"},\"inLanguage\":\"fr-FR\",\"potentialAction\":[{\"@type\":\"ReadAction\",\"target\":[\"https:\/\/sages-femmes-sainte-marie-la-mer.fr\/index.php\/mentions-legales\/\"]}]},{\"@type\":\"BreadcrumbList\",\"@id\":\"https:\/\/sages-femmes-sainte-marie-la-mer.fr\/index.php\/mentions-legales\/#breadcrumb\",\"itemListElement\":[{\"@type\":\"ListItem\",\"position\":1,\"name\":\"Accueil\",\"item\":\"https:\/\/sages-femmes-sainte-marie-la-mer.fr\/\"},{\"@type\":\"ListItem\",\"position\":2,\"name\":\"Mentions l\u00e9gales\"}]},{\"@type\":\"WebSite\",\"@id\":\"https:\/\/sages-femmes-sainte-marie-la-mer.fr\/#website\",\"url\":\"https:\/\/sages-femmes-sainte-marie-la-mer.fr\/\",\"name\":\"Cabinet sage femme Sainte marie la mer - C\u00f4t\u00e9 M\u00e8res\",\"description\":\"\",\"publisher\":{\"@id\":\"https:\/\/sages-femmes-sainte-marie-la-mer.fr\/#organization\"},\"potentialAction\":[{\"@type\":\"SearchAction\",\"target\":{\"@type\":\"EntryPoint\",\"urlTemplate\":\"https:\/\/sages-femmes-sainte-marie-la-mer.fr\/?s={search_term_string}\"},\"query-input\":\"required name=search_term_string\"}],\"inLanguage\":\"fr-FR\"},{\"@type\":\"Organization\",\"@id\":\"https:\/\/sages-femmes-sainte-marie-la-mer.fr\/#organization\",\"name\":\"Cabinet sage femme Sainte marie la mer - C\u00f4t\u00e9 M\u00e8res\",\"url\":\"https:\/\/sages-femmes-sainte-marie-la-mer.fr\/\",\"logo\":{\"@type\":\"ImageObject\",\"inLanguage\":\"fr-FR\",\"@id\":\"https:\/\/sages-femmes-sainte-marie-la-mer.fr\/#\/schema\/logo\/image\/\",\"url\":\"https:\/\/sages-femmes-sainte-marie-la-mer.fr\/wp-content\/uploads\/2023\/02\/cropped-logo.png\",\"contentUrl\":\"https:\/\/sages-femmes-sainte-marie-la-mer.fr\/wp-content\/uploads\/2023\/02\/cropped-logo.png\",\"width\":800,\"height\":800,\"caption\":\"Cabinet sage femme Sainte marie la mer - C\u00f4t\u00e9 M\u00e8res\"},\"image\":{\"@id\":\"https:\/\/sages-femmes-sainte-marie-la-mer.fr\/#\/schema\/logo\/image\/\"}}]}<\/script>\n<!-- \/ Yoast SEO plugin. -->","yoast_head_json":{"title":"Mentions l\u00e9gales - C\u00f4t\u00e9 M\u00e8res","robots":{"index":"index","follow":"follow","max-snippet":"max-snippet:-1","max-image-preview":"max-image-preview:large","max-video-preview":"max-video-preview:-1"},"canonical":"https:\/\/sages-femmes-sainte-marie-la-mer.fr\/index.php\/mentions-legales\/","og_locale":"fr_FR","og_type":"article","og_title":"Mentions l\u00e9gales - C\u00f4t\u00e9 M\u00e8res","og_description":"Traitement des donn\u00e9es personnellesLes donn\u00e9es collect\u00e9es sur ce site internet, lorsque que vous nous envoyez une demande sont : nom, pr\u00e9nom, t\u00e9l\u00e9phone, adresse physique et \u00e9lectronique, profession, d\u00e9tail de la demande. Nous utiliserons uniquement les donn\u00e9es que vous avez transmises pour r\u00e9pondre \u00e0 votre demande.Les donn\u00e9es ne seront pas communiqu\u00e9es \u00e0 des tiers sauf si&hellip;","og_url":"https:\/\/sages-femmes-sainte-marie-la-mer.fr\/index.php\/mentions-legales\/","og_site_name":"C\u00f4t\u00e9 M\u00e8res","article_modified_time":"2023-04-18T21:01:35+00:00","twitter_card":"summary_large_image","twitter_misc":{"Dur\u00e9e de lecture estim\u00e9e":"4 minutes"},"schema":{"@context":"https:\/\/schema.org","@graph":[{"@type":"WebPage","@id":"https:\/\/sages-femmes-sainte-marie-la-mer.fr\/index.php\/mentions-legales\/","url":"https:\/\/sages-femmes-sainte-marie-la-mer.fr\/index.php\/mentions-legales\/","name":"Mentions l\u00e9gales - C\u00f4t\u00e9 M\u00e8res","isPartOf":{"@id":"https:\/\/sages-femmes-sainte-marie-la-mer.fr\/#website"},"datePublished":"2023-03-29T10:20:02+00:00","dateModified":"2023-04-18T21:01:35+00:00","breadcrumb":{"@id":"https:\/\/sages-femmes-sainte-marie-la-mer.fr\/index.php\/mentions-legales\/#breadcrumb"},"inLanguage":"fr-FR","potentialAction":[{"@type":"ReadAction","target":["https:\/\/sages-femmes-sainte-marie-la-mer.fr\/index.php\/mentions-legales\/"]}]},{"@type":"BreadcrumbList","@id":"https:\/\/sages-femmes-sainte-marie-la-mer.fr\/index.php\/mentions-legales\/#breadcrumb","itemListElement":[{"@type":"ListItem","position":1,"name":"Accueil","item":"https:\/\/sages-femmes-sainte-marie-la-mer.fr\/"},{"@type":"ListItem","position":2,"name":"Mentions l\u00e9gales"}]},{"@type":"WebSite","@id":"https:\/\/sages-femmes-sainte-marie-la-mer.fr\/#website","url":"https:\/\/sages-femmes-sainte-marie-la-mer.fr\/","name":"Cabinet sage femme Sainte marie la mer - C\u00f4t\u00e9 M\u00e8res","description":"","publisher":{"@id":"https:\/\/sages-femmes-sainte-marie-la-mer.fr\/#organization"},"potentialAction":[{"@type":"SearchAction","target":{"@type":"EntryPoint","urlTemplate":"https:\/\/sages-femmes-sainte-marie-la-mer.fr\/?s={search_term_string}"},"query-input":"required name=search_term_string"}],"inLanguage":"fr-FR"},{"@type":"Organization","@id":"https:\/\/sages-femmes-sainte-marie-la-mer.fr\/#organization","name":"Cabinet sage femme Sainte marie la mer - C\u00f4t\u00e9 M\u00e8res","url":"https:\/\/sages-femmes-sainte-marie-la-mer.fr\/","logo":{"@type":"ImageObject","inLanguage":"fr-FR","@id":"https:\/\/sages-femmes-sainte-marie-la-mer.fr\/#\/schema\/logo\/image\/","url":"https:\/\/sages-femmes-sainte-marie-la-mer.fr\/wp-content\/uploads\/2023\/02\/cropped-logo.png","contentUrl":"https:\/\/sages-femmes-sainte-marie-la-mer.fr\/wp-content\/uploads\/2023\/02\/cropped-logo.png","width":800,"height":800,"caption":"Cabinet sage femme Sainte marie la mer - C\u00f4t\u00e9 M\u00e8res"},"image":{"@id":"https:\/\/sages-femmes-sainte-marie-la-mer.fr\/#\/schema\/logo\/image\/"}}]}},"_links":{"self":[{"href":"https:\/\/sages-femmes-sainte-marie-la-mer.fr\/index.php\/wp-json\/wp\/v2\/pages\/264","targetHints":{"allow":["GET"]}}],"collection":[{"href":"https:\/\/sages-femmes-sainte-marie-la-mer.fr\/index.php\/wp-json\/wp\/v2\/pages"}],"about":[{"href":"https:\/\/sages-femmes-sainte-marie-la-mer.fr\/index.php\/wp-json\/wp\/v2\/types\/page"}],"author":[{"embeddable":true,"href":"https:\/\/sages-femmes-sainte-marie-la-mer.fr\/index.php\/wp-json\/wp\/v2\/users\/1"}],"replies":[{"embeddable":true,"href":"https:\/\/sages-femmes-sainte-marie-la-mer.fr\/index.php\/wp-json\/wp\/v2\/comments?post=264"}],"version-history":[{"count":3,"href":"https:\/\/sages-femmes-sainte-marie-la-mer.fr\/index.php\/wp-json\/wp\/v2\/pages\/264\/revisions"}],"predecessor-version":[{"id":309,"href":"https:\/\/sages-femmes-sainte-marie-la-mer.fr\/index.php\/wp-json\/wp\/v2\/pages\/264\/revisions\/309"}],"wp:attachment":[{"href":"https:\/\/sages-femmes-sainte-marie-la-mer.fr\/index.php\/wp-json\/wp\/v2\/media?parent=264"}],"curies":[{"name":"wp","href":"https:\/\/api.w.org\/{rel}","templated":true}]}}