{"id":268,"date":"2023-03-29T12:23:19","date_gmt":"2023-03-29T10:23:19","guid":{"rendered":"http:\/\/sages-femmes-sainte-marie-la-mer.fr\/?page_id=268"},"modified":"2025-01-12T21:19:23","modified_gmt":"2025-01-12T20:19:23","slug":"contact","status":"publish","type":"page","link":"https:\/\/sages-femmes-sainte-marie-la-mer.fr\/index.php\/contact\/","title":{"rendered":"Contact"},"content":{"rendered":"\t\t<div data-elementor-type=\"wp-page\" data-elementor-id=\"268\" class=\"elementor elementor-268\">\n\t\t\t\t\t\t\t<div class=\"elementor-element elementor-element-0422c0d e-con-full e-con\" data-id=\"0422c0d\" data-element_type=\"container\" data-settings=\"{&quot;content_width&quot;:&quot;full&quot;}\">\n\t\t<div class=\"elementor-element elementor-element-164d1e6 e-con-full e-con\" data-id=\"164d1e6\" data-element_type=\"container\" data-settings=\"{&quot;content_width&quot;:&quot;full&quot;}\">\n\t\t\t\t<div class=\"elementor-element elementor-element-805b852 elementor-widget elementor-widget-image\" data-id=\"805b852\" data-element_type=\"widget\" data-widget_type=\"image.default\">\n\t\t\t\t<div class=\"elementor-widget-container\">\n\t\t\t\t\t\t\t\t\t\t\t\t\t\t\t<img loading=\"lazy\" decoding=\"async\" width=\"1920\" height=\"400\" src=\"https:\/\/sages-femmes-sainte-marie-la-mer.fr\/wp-content\/uploads\/2023\/03\/negative-space-thumb-newborn-baby-ear-small-closeup_redim.jpg\" class=\"attachment-full size-full wp-image-200\" alt=\"\" srcset=\"https:\/\/sages-femmes-sainte-marie-la-mer.fr\/wp-content\/uploads\/2023\/03\/negative-space-thumb-newborn-baby-ear-small-closeup_redim.jpg 1920w, https:\/\/sages-femmes-sainte-marie-la-mer.fr\/wp-content\/uploads\/2023\/03\/negative-space-thumb-newborn-baby-ear-small-closeup_redim-300x63.jpg 300w, https:\/\/sages-femmes-sainte-marie-la-mer.fr\/wp-content\/uploads\/2023\/03\/negative-space-thumb-newborn-baby-ear-small-closeup_redim-1024x213.jpg 1024w, https:\/\/sages-femmes-sainte-marie-la-mer.fr\/wp-content\/uploads\/2023\/03\/negative-space-thumb-newborn-baby-ear-small-closeup_redim-768x160.jpg 768w, https:\/\/sages-femmes-sainte-marie-la-mer.fr\/wp-content\/uploads\/2023\/03\/negative-space-thumb-newborn-baby-ear-small-closeup_redim-1536x320.jpg 1536w\" sizes=\"auto, (max-width: 1920px) 100vw, 1920px\" \/>\t\t\t\t\t\t\t\t\t\t\t\t\t\t\t<\/div>\n\t\t\t\t<\/div>\n\t\t\t\t<\/div>\n\t\t<div class=\"elementor-element elementor-element-8e10343 e-con-boxed e-con\" data-id=\"8e10343\" data-element_type=\"container\" data-settings=\"{&quot;background_background&quot;:&quot;classic&quot;,&quot;content_width&quot;:&quot;boxed&quot;}\">\n\t\t\t\t\t<div class=\"e-con-inner\">\n\t\t<div class=\"elementor-element elementor-element-7b0582e e-con-full e-con\" data-id=\"7b0582e\" data-element_type=\"container\" data-settings=\"{&quot;content_width&quot;:&quot;full&quot;,&quot;background_background&quot;:&quot;classic&quot;}\">\n\t\t\t\t<\/div>\n\t\t<div class=\"elementor-element elementor-element-79187f1 e-con-full e-con\" data-id=\"79187f1\" data-element_type=\"container\" data-settings=\"{&quot;content_width&quot;:&quot;full&quot;,&quot;background_background&quot;:&quot;classic&quot;,&quot;motion_fx_motion_fx_scrolling&quot;:&quot;yes&quot;,&quot;motion_fx_translateY_effect&quot;:&quot;yes&quot;,&quot;motion_fx_translateY_speed&quot;:{&quot;unit&quot;:&quot;px&quot;,&quot;size&quot;:1.5,&quot;sizes&quot;:[]},&quot;motion_fx_translateY_affectedRange&quot;:{&quot;unit&quot;:&quot;%&quot;,&quot;size&quot;:&quot;&quot;,&quot;sizes&quot;:{&quot;start&quot;:50,&quot;end&quot;:100}},&quot;motion_fx_devices&quot;:[&quot;desktop&quot;,&quot;tablet&quot;,&quot;mobile&quot;]}\">\n\t\t\t\t<div class=\"elementor-element elementor-element-126a0c2 elementor-widget elementor-widget-heading\" data-id=\"126a0c2\" data-element_type=\"widget\" data-widget_type=\"heading.default\">\n\t\t\t\t<div class=\"elementor-widget-container\">\n\t\t\t<h2 class=\"elementor-heading-title elementor-size-xl\">Contact<\/h2>\t\t<\/div>\n\t\t\t\t<\/div>\n\t\t\t\t<div class=\"elementor-element elementor-element-884c65c elementor-widget elementor-widget-text-editor\" data-id=\"884c65c\" data-element_type=\"widget\" data-widget_type=\"text-editor.default\">\n\t\t\t\t<div class=\"elementor-widget-container\">\n\t\t\t\t\t\t\t<p style=\"text-align: center;\">En cas d&rsquo;urgence merci de contacter votre maternit\u00e9 ou le 15.\u00a0<\/p>\t\t\t\t\t\t<\/div>\n\t\t\t\t<\/div>\n\t\t\t\t<\/div>\n\t\t<div class=\"elementor-element elementor-element-2f7f86e e-con-full e-transform e-con\" data-id=\"2f7f86e\" data-element_type=\"container\" data-settings=\"{&quot;content_width&quot;:&quot;full&quot;,&quot;background_background&quot;:&quot;classic&quot;,&quot;_transform_flipX_effect&quot;:&quot;transform&quot;,&quot;motion_fx_motion_fx_mouse&quot;:&quot;yes&quot;}\">\n\t\t\t\t<\/div>\n\t\t\t\t\t<\/div>\n\t\t\t\t<\/div>\n\t\t\t\t<\/div>\n\t\t<div class=\"elementor-element elementor-element-dae3d91 e-con-boxed e-con\" data-id=\"dae3d91\" data-element_type=\"container\" data-settings=\"{&quot;content_width&quot;:&quot;boxed&quot;}\">\n\t\t\t\t\t<div class=\"e-con-inner\">\n\t\t\t\t<div class=\"elementor-element elementor-element-9dcd6d1 elementor-widget elementor-widget-spacer\" data-id=\"9dcd6d1\" data-element_type=\"widget\" data-widget_type=\"spacer.default\">\n\t\t\t\t<div class=\"elementor-widget-container\">\n\t\t\t\t\t<div class=\"elementor-spacer\">\n\t\t\t<div class=\"elementor-spacer-inner\"><\/div>\n\t\t<\/div>\n\t\t\t\t<\/div>\n\t\t\t\t<\/div>\n\t\t\t\t<div class=\"elementor-element elementor-element-8ed8f80 elementor-widget elementor-widget-heading\" data-id=\"8ed8f80\" data-element_type=\"widget\" data-widget_type=\"heading.default\">\n\t\t\t\t<div class=\"elementor-widget-container\">\n\t\t\t<h2 class=\"elementor-heading-title elementor-size-xxl\">Prendre Rendez-vous <\/h2>\t\t<\/div>\n\t\t\t\t<\/div>\n\t\t\t\t<div class=\"elementor-element elementor-element-ed4bcce elementor-widget__width-auto elementor-align-center elementor-widget elementor-widget-button\" data-id=\"ed4bcce\" data-element_type=\"widget\" data-widget_type=\"button.default\">\n\t\t\t\t<div class=\"elementor-widget-container\">\n\t\t\t\t\t<div class=\"elementor-button-wrapper\">\n\t\t\t<a href=\"https:\/\/www.doctolib.fr\/cabinet-medical\/sainte-marie-la-mer\/cabinet-de-sages-femmes-cote-meres\" target=\"_blank\" data-reactroot=\"\" class=\"elementor-button-link elementor-button elementor-size-lg elementor-animation-grow\" role=\"button\">\n\t\t\t\t\t\t<span class=\"elementor-button-content-wrapper\">\n\t\t\t\t\t\t<span class=\"elementor-button-text\">Prendre rendez-vous en ligne <img decoding=\"async\" style=\"height:15px;margin-bottom:3px;vertical-align:middle;width:auto\" src=\"https:\/\/www.doctolib.fr\/external_button\/doctolib-white-transparent.png\" alt=\"Doctolib\"\/><\/a><\/span>\n\t\t<\/span>\n\t\t\t\t\t<\/a>\n\t\t<\/div>\n\t\t\t\t<\/div>\n\t\t\t\t<\/div>\n\t\t<div class=\"elementor-element elementor-element-78301b3 e-con-boxed e-con\" data-id=\"78301b3\" data-element_type=\"container\" data-settings=\"{&quot;content_width&quot;:&quot;boxed&quot;}\">\n\t\t\t\t\t<div class=\"e-con-inner\">\n\t\t<div class=\"elementor-element elementor-element-2db553b e-con-boxed e-con\" data-id=\"2db553b\" data-element_type=\"container\" data-settings=\"{&quot;content_width&quot;:&quot;boxed&quot;}\">\n\t\t\t\t\t<div class=\"e-con-inner\">\n\t\t\t\t<div class=\"elementor-element elementor-element-0dcadb1 elementor-view-default elementor-widget elementor-widget-icon\" data-id=\"0dcadb1\" data-element_type=\"widget\" data-widget_type=\"icon.default\">\n\t\t\t\t<div class=\"elementor-widget-container\">\n\t\t\t\t\t<div class=\"elementor-icon-wrapper\">\n\t\t\t<div class=\"elementor-icon\">\n\t\t\t<i aria-hidden=\"true\" class=\"fas fa-phone\"><\/i>\t\t\t<\/div>\n\t\t<\/div>\n\t\t\t\t<\/div>\n\t\t\t\t<\/div>\n\t\t\t\t<div class=\"elementor-element elementor-element-fd612ae elementor-widget elementor-widget-heading\" data-id=\"fd612ae\" data-element_type=\"widget\" data-widget_type=\"heading.default\">\n\t\t\t\t<div class=\"elementor-widget-container\">\n\t\t\t<h2 class=\"elementor-heading-title elementor-size-default\"><a href=\"tel:+33951444732\">09 51 44 47 32<\/a><\/h2>\t\t<\/div>\n\t\t\t\t<\/div>\n\t\t\t\t\t<\/div>\n\t\t\t\t<\/div>\n\t\t<div class=\"elementor-element elementor-element-dbfd1bf e-con-boxed e-con\" data-id=\"dbfd1bf\" data-element_type=\"container\" data-settings=\"{&quot;content_width&quot;:&quot;boxed&quot;}\">\n\t\t\t\t\t<div class=\"e-con-inner\">\n\t\t\t\t<div class=\"elementor-element elementor-element-7d1116f elementor-view-default elementor-widget elementor-widget-icon\" data-id=\"7d1116f\" data-element_type=\"widget\" data-widget_type=\"icon.default\">\n\t\t\t\t<div class=\"elementor-widget-container\">\n\t\t\t\t\t<div class=\"elementor-icon-wrapper\">\n\t\t\t<div class=\"elementor-icon\">\n\t\t\t<i aria-hidden=\"true\" class=\"fas fa-home\"><\/i>\t\t\t<\/div>\n\t\t<\/div>\n\t\t\t\t<\/div>\n\t\t\t\t<\/div>\n\t\t\t\t<div class=\"elementor-element elementor-element-dfccb07 elementor-widget elementor-widget-heading\" data-id=\"dfccb07\" data-element_type=\"widget\" data-widget_type=\"heading.default\">\n\t\t\t\t<div class=\"elementor-widget-container\">\n\t\t\t<h2 class=\"elementor-heading-title elementor-size-default\">Place Agora\nPassage du Pyr\u00e9e\n66470 Sainte-Marie Plage\n\n <\/h2>\t\t<\/div>\n\t\t\t\t<\/div>\n\t\t\t\t\t<\/div>\n\t\t\t\t<\/div>\n\t\t\t\t\t<\/div>\n\t\t\t\t<\/div>\n\t\t\t\t\t<\/div>\n\t\t\t\t<\/div>\n\t\t<div class=\"elementor-element elementor-element-bd70aea e-con-boxed e-con\" data-id=\"bd70aea\" data-element_type=\"container\" data-settings=\"{&quot;content_width&quot;:&quot;boxed&quot;}\">\n\t\t\t\t\t<div class=\"e-con-inner\">\n\t\t\t\t<div class=\"elementor-element elementor-element-f0981db elementor-widget elementor-widget-google_maps\" data-id=\"f0981db\" data-element_type=\"widget\" data-widget_type=\"google_maps.default\">\n\t\t\t\t<div class=\"elementor-widget-container\">\n\t\t\t\t\t<div class=\"elementor-custom-embed\">\n\t\t\t<iframe loading=\"lazy\"\n\t\t\t\t\tsrc=\"https:\/\/maps.google.com\/maps?q=cabinet%20sage%20femme%20sainte%20marie%20la%20mere&#038;t=m&#038;z=18&#038;output=embed&#038;iwloc=near\"\n\t\t\t\t\ttitle=\"cabinet sage femme sainte marie la mere\"\n\t\t\t\t\taria-label=\"cabinet sage femme sainte marie la mere\"\n\t\t\t><\/iframe>\n\t\t<\/div>\n\t\t\t\t<\/div>\n\t\t\t\t<\/div>\n\t\t\t\t\t<\/div>\n\t\t\t\t<\/div>\n\t\t\t\t\t\t\t<\/div>\n\t\t","protected":false},"excerpt":{"rendered":"<p>Contact En cas d&rsquo;urgence merci de contacter votre maternit\u00e9 ou le 15.\u00a0 Prendre Rendez-vous Prendre rendez-vous en ligne 09 51 44 47 32 Place Agora Passage du Pyr\u00e9e 66470 Sainte-Marie Plage<\/p>\n","protected":false},"author":1,"featured_media":0,"parent":0,"menu_order":0,"comment_status":"closed","ping_status":"closed","template":"elementor_header_footer","meta":{"footnotes":""},"class_list":["post-268","page","type-page","status-publish","hentry"],"yoast_head":"<!-- This site is optimized with the Yoast SEO plugin v21.5 - https:\/\/yoast.com\/wordpress\/plugins\/seo\/ -->\n<title>Contact - C\u00f4t\u00e9 M\u00e8res<\/title>\n<meta name=\"robots\" content=\"index, follow, max-snippet:-1, max-image-preview:large, max-video-preview:-1\" \/>\n<link rel=\"canonical\" href=\"https:\/\/sages-femmes-sainte-marie-la-mer.fr\/index.php\/contact\/\" \/>\n<meta property=\"og:locale\" content=\"fr_FR\" \/>\n<meta property=\"og:type\" content=\"article\" \/>\n<meta property=\"og:title\" content=\"Contact - C\u00f4t\u00e9 M\u00e8res\" \/>\n<meta property=\"og:description\" content=\"Contact En cas d&rsquo;urgence merci de contacter votre maternit\u00e9 ou le 15.\u00a0 Prendre Rendez-vous Prendre rendez-vous en ligne 09 51 44 47 32 Place Agora Passage du Pyr\u00e9e 66470 Sainte-Marie Plage\" \/>\n<meta property=\"og:url\" content=\"https:\/\/sages-femmes-sainte-marie-la-mer.fr\/index.php\/contact\/\" \/>\n<meta property=\"og:site_name\" content=\"C\u00f4t\u00e9 M\u00e8res\" \/>\n<meta property=\"article:modified_time\" content=\"2025-01-12T20:19:23+00:00\" \/>\n<meta property=\"og:image\" content=\"https:\/\/sages-femmes-sainte-marie-la-mer.fr\/wp-content\/uploads\/2023\/03\/negative-space-thumb-newborn-baby-ear-small-closeup_redim.jpg\" \/>\n<meta name=\"twitter:card\" content=\"summary_large_image\" \/>\n<meta name=\"twitter:label1\" content=\"Dur\u00e9e de lecture estim\u00e9e\" \/>\n\t<meta name=\"twitter:data1\" content=\"1 minute\" \/>\n<script type=\"application\/ld+json\" class=\"yoast-schema-graph\">{\"@context\":\"https:\/\/schema.org\",\"@graph\":[{\"@type\":\"WebPage\",\"@id\":\"https:\/\/sages-femmes-sainte-marie-la-mer.fr\/index.php\/contact\/\",\"url\":\"https:\/\/sages-femmes-sainte-marie-la-mer.fr\/index.php\/contact\/\",\"name\":\"Contact - C\u00f4t\u00e9 M\u00e8res\",\"isPartOf\":{\"@id\":\"https:\/\/sages-femmes-sainte-marie-la-mer.fr\/#website\"},\"datePublished\":\"2023-03-29T10:23:19+00:00\",\"dateModified\":\"2025-01-12T20:19:23+00:00\",\"breadcrumb\":{\"@id\":\"https:\/\/sages-femmes-sainte-marie-la-mer.fr\/index.php\/contact\/#breadcrumb\"},\"inLanguage\":\"fr-FR\",\"potentialAction\":[{\"@type\":\"ReadAction\",\"target\":[\"https:\/\/sages-femmes-sainte-marie-la-mer.fr\/index.php\/contact\/\"]}]},{\"@type\":\"BreadcrumbList\",\"@id\":\"https:\/\/sages-femmes-sainte-marie-la-mer.fr\/index.php\/contact\/#breadcrumb\",\"itemListElement\":[{\"@type\":\"ListItem\",\"position\":1,\"name\":\"Accueil\",\"item\":\"https:\/\/sages-femmes-sainte-marie-la-mer.fr\/\"},{\"@type\":\"ListItem\",\"position\":2,\"name\":\"Contact\"}]},{\"@type\":\"WebSite\",\"@id\":\"https:\/\/sages-femmes-sainte-marie-la-mer.fr\/#website\",\"url\":\"https:\/\/sages-femmes-sainte-marie-la-mer.fr\/\",\"name\":\"Cabinet sage femme Sainte marie la mer - C\u00f4t\u00e9 M\u00e8res\",\"description\":\"\",\"publisher\":{\"@id\":\"https:\/\/sages-femmes-sainte-marie-la-mer.fr\/#organization\"},\"potentialAction\":[{\"@type\":\"SearchAction\",\"target\":{\"@type\":\"EntryPoint\",\"urlTemplate\":\"https:\/\/sages-femmes-sainte-marie-la-mer.fr\/?s={search_term_string}\"},\"query-input\":\"required name=search_term_string\"}],\"inLanguage\":\"fr-FR\"},{\"@type\":\"Organization\",\"@id\":\"https:\/\/sages-femmes-sainte-marie-la-mer.fr\/#organization\",\"name\":\"Cabinet sage femme Sainte marie la mer - C\u00f4t\u00e9 M\u00e8res\",\"url\":\"https:\/\/sages-femmes-sainte-marie-la-mer.fr\/\",\"logo\":{\"@type\":\"ImageObject\",\"inLanguage\":\"fr-FR\",\"@id\":\"https:\/\/sages-femmes-sainte-marie-la-mer.fr\/#\/schema\/logo\/image\/\",\"url\":\"https:\/\/sages-femmes-sainte-marie-la-mer.fr\/wp-content\/uploads\/2023\/02\/cropped-logo.png\",\"contentUrl\":\"https:\/\/sages-femmes-sainte-marie-la-mer.fr\/wp-content\/uploads\/2023\/02\/cropped-logo.png\",\"width\":800,\"height\":800,\"caption\":\"Cabinet sage femme Sainte marie la mer - C\u00f4t\u00e9 M\u00e8res\"},\"image\":{\"@id\":\"https:\/\/sages-femmes-sainte-marie-la-mer.fr\/#\/schema\/logo\/image\/\"}}]}<\/script>\n<!-- \/ Yoast SEO plugin. -->","yoast_head_json":{"title":"Contact - C\u00f4t\u00e9 M\u00e8res","robots":{"index":"index","follow":"follow","max-snippet":"max-snippet:-1","max-image-preview":"max-image-preview:large","max-video-preview":"max-video-preview:-1"},"canonical":"https:\/\/sages-femmes-sainte-marie-la-mer.fr\/index.php\/contact\/","og_locale":"fr_FR","og_type":"article","og_title":"Contact - C\u00f4t\u00e9 M\u00e8res","og_description":"Contact En cas d&rsquo;urgence merci de contacter votre maternit\u00e9 ou le 15.\u00a0 Prendre Rendez-vous Prendre rendez-vous en ligne 09 51 44 47 32 Place Agora Passage du Pyr\u00e9e 66470 Sainte-Marie Plage","og_url":"https:\/\/sages-femmes-sainte-marie-la-mer.fr\/index.php\/contact\/","og_site_name":"C\u00f4t\u00e9 M\u00e8res","article_modified_time":"2025-01-12T20:19:23+00:00","og_image":[{"url":"https:\/\/sages-femmes-sainte-marie-la-mer.fr\/wp-content\/uploads\/2023\/03\/negative-space-thumb-newborn-baby-ear-small-closeup_redim.jpg"}],"twitter_card":"summary_large_image","twitter_misc":{"Dur\u00e9e de lecture estim\u00e9e":"1 minute"},"schema":{"@context":"https:\/\/schema.org","@graph":[{"@type":"WebPage","@id":"https:\/\/sages-femmes-sainte-marie-la-mer.fr\/index.php\/contact\/","url":"https:\/\/sages-femmes-sainte-marie-la-mer.fr\/index.php\/contact\/","name":"Contact - C\u00f4t\u00e9 M\u00e8res","isPartOf":{"@id":"https:\/\/sages-femmes-sainte-marie-la-mer.fr\/#website"},"datePublished":"2023-03-29T10:23:19+00:00","dateModified":"2025-01-12T20:19:23+00:00","breadcrumb":{"@id":"https:\/\/sages-femmes-sainte-marie-la-mer.fr\/index.php\/contact\/#breadcrumb"},"inLanguage":"fr-FR","potentialAction":[{"@type":"ReadAction","target":["https:\/\/sages-femmes-sainte-marie-la-mer.fr\/index.php\/contact\/"]}]},{"@type":"BreadcrumbList","@id":"https:\/\/sages-femmes-sainte-marie-la-mer.fr\/index.php\/contact\/#breadcrumb","itemListElement":[{"@type":"ListItem","position":1,"name":"Accueil","item":"https:\/\/sages-femmes-sainte-marie-la-mer.fr\/"},{"@type":"ListItem","position":2,"name":"Contact"}]},{"@type":"WebSite","@id":"https:\/\/sages-femmes-sainte-marie-la-mer.fr\/#website","url":"https:\/\/sages-femmes-sainte-marie-la-mer.fr\/","name":"Cabinet sage femme Sainte marie la mer - C\u00f4t\u00e9 M\u00e8res","description":"","publisher":{"@id":"https:\/\/sages-femmes-sainte-marie-la-mer.fr\/#organization"},"potentialAction":[{"@type":"SearchAction","target":{"@type":"EntryPoint","urlTemplate":"https:\/\/sages-femmes-sainte-marie-la-mer.fr\/?s={search_term_string}"},"query-input":"required name=search_term_string"}],"inLanguage":"fr-FR"},{"@type":"Organization","@id":"https:\/\/sages-femmes-sainte-marie-la-mer.fr\/#organization","name":"Cabinet sage femme Sainte marie la mer - C\u00f4t\u00e9 M\u00e8res","url":"https:\/\/sages-femmes-sainte-marie-la-mer.fr\/","logo":{"@type":"ImageObject","inLanguage":"fr-FR","@id":"https:\/\/sages-femmes-sainte-marie-la-mer.fr\/#\/schema\/logo\/image\/","url":"https:\/\/sages-femmes-sainte-marie-la-mer.fr\/wp-content\/uploads\/2023\/02\/cropped-logo.png","contentUrl":"https:\/\/sages-femmes-sainte-marie-la-mer.fr\/wp-content\/uploads\/2023\/02\/cropped-logo.png","width":800,"height":800,"caption":"Cabinet sage femme Sainte marie la mer - C\u00f4t\u00e9 M\u00e8res"},"image":{"@id":"https:\/\/sages-femmes-sainte-marie-la-mer.fr\/#\/schema\/logo\/image\/"}}]}},"_links":{"self":[{"href":"https:\/\/sages-femmes-sainte-marie-la-mer.fr\/index.php\/wp-json\/wp\/v2\/pages\/268","targetHints":{"allow":["GET"]}}],"collection":[{"href":"https:\/\/sages-femmes-sainte-marie-la-mer.fr\/index.php\/wp-json\/wp\/v2\/pages"}],"about":[{"href":"https:\/\/sages-femmes-sainte-marie-la-mer.fr\/index.php\/wp-json\/wp\/v2\/types\/page"}],"author":[{"embeddable":true,"href":"https:\/\/sages-femmes-sainte-marie-la-mer.fr\/index.php\/wp-json\/wp\/v2\/users\/1"}],"replies":[{"embeddable":true,"href":"https:\/\/sages-femmes-sainte-marie-la-mer.fr\/index.php\/wp-json\/wp\/v2\/comments?post=268"}],"version-history":[{"count":13,"href":"https:\/\/sages-femmes-sainte-marie-la-mer.fr\/index.php\/wp-json\/wp\/v2\/pages\/268\/revisions"}],"predecessor-version":[{"id":377,"href":"https:\/\/sages-femmes-sainte-marie-la-mer.fr\/index.php\/wp-json\/wp\/v2\/pages\/268\/revisions\/377"}],"wp:attachment":[{"href":"https:\/\/sages-femmes-sainte-marie-la-mer.fr\/index.php\/wp-json\/wp\/v2\/media?parent=268"}],"curies":[{"name":"wp","href":"https:\/\/api.w.org\/{rel}","templated":true}]}}